{"id":4765,"date":"2017-10-28T22:47:25","date_gmt":"2017-10-28T22:47:25","guid":{"rendered":"https:\/\/dev.refrigerantboys.com\/senza%20categoria\/gasflasche-12-kg-mit-gas-r134a\/"},"modified":"2025-05-14T12:30:42","modified_gmt":"2025-05-14T10:30:42","slug":"bombola-con-12-kg-di-gas-r134a-valvola-1-4-sae","status":"publish","type":"product","link":"https:\/\/dev.refrigerantboys.com\/de\/kaufen\/kaeltemittelgase\/r134a\/bombola-con-12-kg-di-gas-r134a-valvola-1-4-sae\/","title":{"rendered":"Gasflasche mit 12 kg R134a Gasventil 1\/4 SAE"},"content":{"rendered":"<p>Wenn Sie auf der Suche nach einer R134a-Gasflasche mit einem Fassungsverm\u00f6gen von 12 kg sind, sind Sie hier richtig! Refrigerant Boys bietet eine gro\u00dfe Auswahl an hochwertigen K\u00e4ltemitteln, die Ihren Anforderungen entsprechen. Unsere 12 kg schwere R134a-Gasflasche eignet sich ideal f\u00fcr den Einsatz in privaten und gewerblichen K\u00fchlanlagen sowie in Kraftfahrzeugen und bietet eine \u00e4hnliche Energieeffizienz wie \u00e4ltere HCFC. Wir wissen, wie wichtig zuverl\u00e4ssige Produkte sind, die den geltenden Vorschriften entsprechen. Deshalb k\u00f6nnen Sie sich darauf verlassen, dass unsere R134a-Gasflaschen optimale Leistung und maximale Sicherheit bieten. Kaufen Sie noch heute Ihre 12 kg R134a-Gasflasche bei Refrigerant Boys und finden Sie heraus, warum wir die bevorzugte Wahl von Profis sind.<\/p>\n","protected":false},"excerpt":{"rendered":"<p><strong>K\u00e4ltemittelgas R134a in 12 kg T-PED \/ EN 13322-1 zugelassener nachf\u00fcllbarer Flasche (1\/4\u2033 SAE Ventil) UN 3159<\/strong><\/p>\n<p><strong><span class=\"hps\">PREIS EINSCHLIESSLICH DER FLASCHE, DIE IHR EIGENTUM BLEIBT &#8211; <a href=\"https:\/\/dev.refrigerantboys.com\/de\/wiederbefuellung-von-kaeltemittelgasflaschen\/\">NACHF\u00dcLLEN DER FLASCHE<\/a><\/span><br \/>\n<\/strong><\/p>\n<p><span style=\"color: #ff0000; font-size: 20px;\"><strong>GWP[1430]<\/strong><br \/>\n<\/span><\/p>\n","protected":false},"featured_media":68703,"template":"","meta":[],"product_cat":[232,231],"product_tag":[],"acf":{"ai_note":""},"yoast_head":"<!-- This site is optimized with the Yoast SEO plugin v20.2 - https:\/\/yoast.com\/wordpress\/plugins\/seo\/ -->\n<title>Gasflasche mit 12 kg R134a Gasventil 1\/4 SAE | Refrigerant Boys<\/title>\n<meta name=\"description\" content=\"K\u00e4ltemittelgas R134a in 12 kg T-PED \/ EN 13322-1 zugelassener nachf\u00fcllbarer Flasche (1\/4\u2033 SAE Ventil) UN 3159  PREIS EINSCHLIESSLICH DER FLASCHE, DIE IHR EIGENTUM BLEIBT - NACHF\u00dcLLEN DER FLASCHE   GWP\" \/>\n<meta name=\"robots\" content=\"index, follow, max-snippet:-1, max-image-preview:large, max-video-preview:-1\" \/>\n<link rel=\"canonical\" href=\"https:\/\/dev.refrigerantboys.com\/de\/kaufen\/kaeltemittelgase\/r134a\/bombola-con-12-kg-di-gas-r134a-valvola-1-4-sae\/\" \/>\n<meta property=\"og:locale\" content=\"de_DE\" \/>\n<meta property=\"og:type\" content=\"article\" \/>\n<meta property=\"og:title\" content=\"Gasflasche mit 12 kg R134a Gasventil 1\/4 SAE | Refrigerant Boys\" \/>\n<meta property=\"og:description\" content=\"K\u00e4ltemittelgas R134a in 12 kg T-PED \/ EN 13322-1 zugelassener nachf\u00fcllbarer Flasche (1\/4\u2033 SAE Ventil) UN 3159  PREIS EINSCHLIESSLICH DER FLASCHE, DIE IHR EIGENTUM BLEIBT - NACHF\u00dcLLEN DER FLASCHE   GWP\" \/>\n<meta property=\"og:url\" content=\"https:\/\/dev.refrigerantboys.com\/de\/kaufen\/kaeltemittelgase\/r134a\/bombola-con-12-kg-di-gas-r134a-valvola-1-4-sae\/\" \/>\n<meta property=\"og:site_name\" content=\"Refrigerant Boys\" \/>\n<meta property=\"article:modified_time\" content=\"2025-05-14T10:30:42+00:00\" \/>\n<meta property=\"og:image\" content=\"https:\/\/dev.refrigerantboys.com\/wp-content\/uploads\/2017\/10\/r134a-12kg-3.gif\" \/>\n\t<meta property=\"og:image:width\" content=\"376\" \/>\n\t<meta property=\"og:image:height\" content=\"714\" \/>\n\t<meta property=\"og:image:type\" content=\"image\/gif\" \/>\n<meta name=\"twitter:card\" content=\"summary_large_image\" \/>\n<meta name=\"twitter:label1\" content=\"Gesch\u00e4tzte Lesezeit\" \/>\n\t<meta name=\"twitter:data1\" content=\"1\u00a0Minute\" \/>\n<script type=\"application\/ld+json\" class=\"yoast-schema-graph\">{\"@context\":\"https:\/\/schema.org\",\"@graph\":[{\"@type\":\"WebPage\",\"@id\":\"https:\/\/dev.refrigerantboys.com\/de\/kaufen\/kaeltemittelgase\/r134a\/bombola-con-12-kg-di-gas-r134a-valvola-1-4-sae\/\",\"url\":\"https:\/\/dev.refrigerantboys.com\/de\/kaufen\/kaeltemittelgase\/r134a\/bombola-con-12-kg-di-gas-r134a-valvola-1-4-sae\/\",\"name\":\"Gasflasche mit 12 kg R134a Gasventil 1\/4 SAE | Refrigerant Boys\",\"isPartOf\":{\"@id\":\"https:\/\/dev.refrigerantboys.com\/de\/#website\"},\"datePublished\":\"2017-10-28T22:47:25+00:00\",\"dateModified\":\"2025-05-14T10:30:42+00:00\",\"description\":\"K\u00e4ltemittelgas R134a in 12 kg T-PED \/ EN 13322-1 zugelassener nachf\u00fcllbarer Flasche (1\/4\u2033 SAE Ventil) UN 3159 PREIS EINSCHLIESSLICH DER FLASCHE, DIE IHR EIGENTUM BLEIBT - NACHF\u00dcLLEN DER FLASCHE GWP\",\"breadcrumb\":{\"@id\":\"https:\/\/dev.refrigerantboys.com\/de\/kaufen\/kaeltemittelgase\/r134a\/bombola-con-12-kg-di-gas-r134a-valvola-1-4-sae\/#breadcrumb\"},\"inLanguage\":\"de\",\"potentialAction\":[{\"@type\":\"ReadAction\",\"target\":[\"https:\/\/dev.refrigerantboys.com\/de\/kaufen\/kaeltemittelgase\/r134a\/bombola-con-12-kg-di-gas-r134a-valvola-1-4-sae\/\"]}]},{\"@type\":\"BreadcrumbList\",\"@id\":\"https:\/\/dev.refrigerantboys.com\/de\/kaufen\/kaeltemittelgase\/r134a\/bombola-con-12-kg-di-gas-r134a-valvola-1-4-sae\/#breadcrumb\",\"itemListElement\":[{\"@type\":\"ListItem\",\"position\":1,\"name\":\"Home\",\"item\":\"https:\/\/dev.refrigerantboys.com\/de\/\"},{\"@type\":\"ListItem\",\"position\":2,\"name\":\"Gesch\u00e4ft\",\"item\":\"https:\/\/dev.refrigerantboys.com\/de\/geschaeft\/\"},{\"@type\":\"ListItem\",\"position\":3,\"name\":\"Gasflasche mit 12 kg R134a Gasventil 1\/4 SAE\"}]},{\"@type\":\"WebSite\",\"@id\":\"https:\/\/dev.refrigerantboys.com\/de\/#website\",\"url\":\"https:\/\/dev.refrigerantboys.com\/de\/\",\"name\":\"Refrigerant Boys\",\"description\":\"Vendita gas refrigeranti\",\"potentialAction\":[{\"@type\":\"SearchAction\",\"target\":{\"@type\":\"EntryPoint\",\"urlTemplate\":\"https:\/\/dev.refrigerantboys.com\/de\/?s={search_term_string}\"},\"query-input\":\"required name=search_term_string\"}],\"inLanguage\":\"de\"}]}<\/script>\n<!-- \/ Yoast SEO plugin. -->","yoast_head_json":{"title":"Gasflasche mit 12 kg R134a Gasventil 1\/4 SAE | Refrigerant Boys","description":"K\u00e4ltemittelgas R134a in 12 kg T-PED \/ EN 13322-1 zugelassener nachf\u00fcllbarer Flasche (1\/4\u2033 SAE Ventil) UN 3159  PREIS EINSCHLIESSLICH DER FLASCHE, DIE IHR EIGENTUM BLEIBT - NACHF\u00dcLLEN DER FLASCHE   GWP","robots":{"index":"index","follow":"follow","max-snippet":"max-snippet:-1","max-image-preview":"max-image-preview:large","max-video-preview":"max-video-preview:-1"},"canonical":"https:\/\/dev.refrigerantboys.com\/de\/kaufen\/kaeltemittelgase\/r134a\/bombola-con-12-kg-di-gas-r134a-valvola-1-4-sae\/","og_locale":"de_DE","og_type":"article","og_title":"Gasflasche mit 12 kg R134a Gasventil 1\/4 SAE | Refrigerant Boys","og_description":"K\u00e4ltemittelgas R134a in 12 kg T-PED \/ EN 13322-1 zugelassener nachf\u00fcllbarer Flasche (1\/4\u2033 SAE Ventil) UN 3159  PREIS EINSCHLIESSLICH DER FLASCHE, DIE IHR EIGENTUM BLEIBT - NACHF\u00dcLLEN DER FLASCHE   GWP","og_url":"https:\/\/dev.refrigerantboys.com\/de\/kaufen\/kaeltemittelgase\/r134a\/bombola-con-12-kg-di-gas-r134a-valvola-1-4-sae\/","og_site_name":"Refrigerant Boys","article_modified_time":"2025-05-14T10:30:42+00:00","og_image":[{"width":376,"height":714,"url":"https:\/\/dev.refrigerantboys.com\/wp-content\/uploads\/2017\/10\/r134a-12kg-3.gif","type":"image\/gif"}],"twitter_card":"summary_large_image","twitter_misc":{"Gesch\u00e4tzte Lesezeit":"1\u00a0Minute"},"schema":{"@context":"https:\/\/schema.org","@graph":[{"@type":"WebPage","@id":"https:\/\/dev.refrigerantboys.com\/de\/kaufen\/kaeltemittelgase\/r134a\/bombola-con-12-kg-di-gas-r134a-valvola-1-4-sae\/","url":"https:\/\/dev.refrigerantboys.com\/de\/kaufen\/kaeltemittelgase\/r134a\/bombola-con-12-kg-di-gas-r134a-valvola-1-4-sae\/","name":"Gasflasche mit 12 kg R134a Gasventil 1\/4 SAE | Refrigerant Boys","isPartOf":{"@id":"https:\/\/dev.refrigerantboys.com\/de\/#website"},"datePublished":"2017-10-28T22:47:25+00:00","dateModified":"2025-05-14T10:30:42+00:00","description":"K\u00e4ltemittelgas R134a in 12 kg T-PED \/ EN 13322-1 zugelassener nachf\u00fcllbarer Flasche (1\/4\u2033 SAE Ventil) UN 3159 PREIS EINSCHLIESSLICH DER FLASCHE, DIE IHR EIGENTUM BLEIBT - NACHF\u00dcLLEN DER FLASCHE GWP","breadcrumb":{"@id":"https:\/\/dev.refrigerantboys.com\/de\/kaufen\/kaeltemittelgase\/r134a\/bombola-con-12-kg-di-gas-r134a-valvola-1-4-sae\/#breadcrumb"},"inLanguage":"de","potentialAction":[{"@type":"ReadAction","target":["https:\/\/dev.refrigerantboys.com\/de\/kaufen\/kaeltemittelgase\/r134a\/bombola-con-12-kg-di-gas-r134a-valvola-1-4-sae\/"]}]},{"@type":"BreadcrumbList","@id":"https:\/\/dev.refrigerantboys.com\/de\/kaufen\/kaeltemittelgase\/r134a\/bombola-con-12-kg-di-gas-r134a-valvola-1-4-sae\/#breadcrumb","itemListElement":[{"@type":"ListItem","position":1,"name":"Home","item":"https:\/\/dev.refrigerantboys.com\/de\/"},{"@type":"ListItem","position":2,"name":"Gesch\u00e4ft","item":"https:\/\/dev.refrigerantboys.com\/de\/geschaeft\/"},{"@type":"ListItem","position":3,"name":"Gasflasche mit 12 kg R134a Gasventil 1\/4 SAE"}]},{"@type":"WebSite","@id":"https:\/\/dev.refrigerantboys.com\/de\/#website","url":"https:\/\/dev.refrigerantboys.com\/de\/","name":"Refrigerant Boys","description":"Vendita gas refrigeranti","potentialAction":[{"@type":"SearchAction","target":{"@type":"EntryPoint","urlTemplate":"https:\/\/dev.refrigerantboys.com\/de\/?s={search_term_string}"},"query-input":"required name=search_term_string"}],"inLanguage":"de"}]}},"_links":{"self":[{"href":"https:\/\/dev.refrigerantboys.com\/de\/wp-json\/wp\/v2\/product\/4765"}],"collection":[{"href":"https:\/\/dev.refrigerantboys.com\/de\/wp-json\/wp\/v2\/product"}],"about":[{"href":"https:\/\/dev.refrigerantboys.com\/de\/wp-json\/wp\/v2\/types\/product"}],"wp:featuredmedia":[{"embeddable":true,"href":"https:\/\/dev.refrigerantboys.com\/de\/wp-json\/wp\/v2\/media\/68703"}],"wp:attachment":[{"href":"https:\/\/dev.refrigerantboys.com\/de\/wp-json\/wp\/v2\/media?parent=4765"}],"wp:term":[{"taxonomy":"product_cat","embeddable":true,"href":"https:\/\/dev.refrigerantboys.com\/de\/wp-json\/wp\/v2\/product_cat?post=4765"},{"taxonomy":"product_tag","embeddable":true,"href":"https:\/\/dev.refrigerantboys.com\/de\/wp-json\/wp\/v2\/product_tag?post=4765"}],"curies":[{"name":"wp","href":"https:\/\/api.w.org\/{rel}","templated":true}]}}