{"id":4764,"date":"2017-10-28T22:44:05","date_gmt":"2017-10-28T22:44:05","guid":{"rendered":"https:\/\/dev.refrigerantboys.com\/senza%20categoria\/r134a-in-der-gasflasche-900-g-mit-manometer-fur-autoklimaanlagen\/"},"modified":"2024-01-20T16:18:43","modified_gmt":"2024-01-20T15:18:43","slug":"zylinder-mit-900-gramm-gas-r134a-mit-manometer-und-schlauch-mit-schnellanschluss-fur-a-c-c-auto-anlagen","status":"publish","type":"product","link":"https:\/\/dev.refrigerantboys.com\/de\/kaufen\/kaeltemittelgase\/r134a\/zylinder-mit-900-gramm-gas-r134a-mit-manometer-und-schlauch-mit-schnellanschluss-fur-a-c-c-auto-anlagen\/","title":{"rendered":"900-Gramm-Flasche mit R134a-Gas, Manometer und Schlauch mit Schnellkupplung f\u00fcr Autoklimaanlagen"},"content":{"rendered":"<p>Unsere R134a-Gasflasche mit 1\/2\u2033 ACME-Ventil und einem Fassungsverm\u00f6gen von 900 Gramm garantiert einen sicheren und zuverl\u00e4ssigen Anschluss \u00fcber einen Schlauch mit Schnellkupplung zum Bef\u00fcllen und Diagnostizieren Ihrer Fahrzeugklimaanlage. Unsere Zylinder sind aus langlebigen Materialien gefertigt und entsprechen den h\u00f6chsten Sicherheitsstandards. Verlassen Sie sich bei Ihrer R134a-Gasflasche auf RefrigerantBoys und erhalten Sie ein hochwertiges Produkt.<\/p>\n","protected":false},"excerpt":{"rendered":"<p><span style=\"color: #282828;\"><strong>K\u00e4ltemittelgas R134a in 900-Gramm-Flasche mit 1\/2&#8243;-ACME-Ventil f\u00fcr die Diagnose und das Nachf\u00fcllen von Auto-Klimaanlagen. T-PED \/ EN 13322-1 konforme Flasche, ausgestattet mit einem Manometer mit Schlauch und Schnellkupplung, die ein Nachf\u00fcllen ohne weitere Hilfsmittel erm\u00f6glicht. UN 3159<\/strong><br \/>\n<\/span><\/p>\n<pre><span style=\"color: #ff0000; font-size: 20px;\"><strong>GWP[1430]<\/strong><\/span><\/pre>\n<p><iframe loading=\"lazy\" title=\"YouTube-Video-Player\" src=\"https:\/\/www.youtube.com\/embed\/5sshDiMFc_I\" width=\"300\" height=\"215\" frameborder=\"0\" allowfullscreen=\"allowfullscreen\"><\/iframe><\/p>\n","protected":false},"featured_media":49690,"template":"","meta":[],"product_cat":[232,231],"product_tag":[],"acf":{"ai_note":""},"yoast_head":"<!-- This site is optimized with the Yoast SEO plugin v20.2 - https:\/\/yoast.com\/wordpress\/plugins\/seo\/ -->\n<title>900-Gramm-Flasche mit R134a-Gas, Manometer und Schlauch mit Schnellkupplung f\u00fcr Autoklimaanlagen | Refrigerant Boys<\/title>\n<meta name=\"description\" content=\"K\u00e4ltemittelgas R134a in 900-Gramm-Flasche mit 1\/2&quot;-ACME-Ventil f\u00fcr die Diagnose und das Nachf\u00fcllen von Auto-Klimaanlagen. T-PED \/ EN 13322-1 konforme Flasche, ausgestattet mit einem Manometer mit Schlauch und Schnellkupplung, die ein Nachf\u00fcllen ohne weitere Hilfsmittel erm\u00f6glicht. UN 3159  GWP\" \/>\n<meta name=\"robots\" content=\"index, follow, max-snippet:-1, max-image-preview:large, max-video-preview:-1\" \/>\n<link rel=\"canonical\" href=\"https:\/\/dev.refrigerantboys.com\/de\/kaufen\/kaeltemittelgase\/r134a\/zylinder-mit-900-gramm-gas-r134a-mit-manometer-und-schlauch-mit-schnellanschluss-fur-a-c-c-auto-anlagen\/\" \/>\n<meta property=\"og:locale\" content=\"de_DE\" \/>\n<meta property=\"og:type\" content=\"article\" \/>\n<meta property=\"og:title\" content=\"900-Gramm-Flasche mit R134a-Gas, Manometer und Schlauch mit Schnellkupplung f\u00fcr Autoklimaanlagen | Refrigerant Boys\" \/>\n<meta property=\"og:description\" content=\"K\u00e4ltemittelgas R134a in 900-Gramm-Flasche mit 1\/2&quot;-ACME-Ventil f\u00fcr die Diagnose und das Nachf\u00fcllen von Auto-Klimaanlagen. T-PED \/ EN 13322-1 konforme Flasche, ausgestattet mit einem Manometer mit Schlauch und Schnellkupplung, die ein Nachf\u00fcllen ohne weitere Hilfsmittel erm\u00f6glicht. UN 3159  GWP\" \/>\n<meta property=\"og:url\" content=\"https:\/\/dev.refrigerantboys.com\/de\/kaufen\/kaeltemittelgase\/r134a\/zylinder-mit-900-gramm-gas-r134a-mit-manometer-und-schlauch-mit-schnellanschluss-fur-a-c-c-auto-anlagen\/\" \/>\n<meta property=\"og:site_name\" content=\"Refrigerant Boys\" \/>\n<meta property=\"article:modified_time\" content=\"2024-01-20T15:18:43+00:00\" \/>\n<meta property=\"og:image\" content=\"https:\/\/dev.refrigerantboys.com\/wp-content\/uploads\/2017\/10\/r134K09CMP-1-286x800.png\" \/>\n\t<meta property=\"og:image:width\" content=\"286\" \/>\n\t<meta property=\"og:image:height\" content=\"800\" \/>\n\t<meta property=\"og:image:type\" content=\"image\/png\" \/>\n<meta name=\"twitter:card\" content=\"summary_large_image\" \/>\n<meta name=\"twitter:label1\" content=\"Gesch\u00e4tzte Lesezeit\" \/>\n\t<meta name=\"twitter:data1\" content=\"1\u00a0Minute\" \/>\n<script type=\"application\/ld+json\" class=\"yoast-schema-graph\">{\"@context\":\"https:\/\/schema.org\",\"@graph\":[{\"@type\":\"WebPage\",\"@id\":\"https:\/\/dev.refrigerantboys.com\/de\/kaufen\/kaeltemittelgase\/r134a\/zylinder-mit-900-gramm-gas-r134a-mit-manometer-und-schlauch-mit-schnellanschluss-fur-a-c-c-auto-anlagen\/\",\"url\":\"https:\/\/dev.refrigerantboys.com\/de\/kaufen\/kaeltemittelgase\/r134a\/zylinder-mit-900-gramm-gas-r134a-mit-manometer-und-schlauch-mit-schnellanschluss-fur-a-c-c-auto-anlagen\/\",\"name\":\"900-Gramm-Flasche mit R134a-Gas, Manometer und Schlauch mit Schnellkupplung f\u00fcr Autoklimaanlagen | Refrigerant Boys\",\"isPartOf\":{\"@id\":\"https:\/\/dev.refrigerantboys.com\/de\/#website\"},\"datePublished\":\"2017-10-28T22:44:05+00:00\",\"dateModified\":\"2024-01-20T15:18:43+00:00\",\"description\":\"K\u00e4ltemittelgas R134a in 900-Gramm-Flasche mit 1\/2\\\"-ACME-Ventil f\u00fcr die Diagnose und das Nachf\u00fcllen von Auto-Klimaanlagen. T-PED \/ EN 13322-1 konforme Flasche, ausgestattet mit einem Manometer mit Schlauch und Schnellkupplung, die ein Nachf\u00fcllen ohne weitere Hilfsmittel erm\u00f6glicht. UN 3159 GWP\",\"breadcrumb\":{\"@id\":\"https:\/\/dev.refrigerantboys.com\/de\/kaufen\/kaeltemittelgase\/r134a\/zylinder-mit-900-gramm-gas-r134a-mit-manometer-und-schlauch-mit-schnellanschluss-fur-a-c-c-auto-anlagen\/#breadcrumb\"},\"inLanguage\":\"de\",\"potentialAction\":[{\"@type\":\"ReadAction\",\"target\":[\"https:\/\/dev.refrigerantboys.com\/de\/kaufen\/kaeltemittelgase\/r134a\/zylinder-mit-900-gramm-gas-r134a-mit-manometer-und-schlauch-mit-schnellanschluss-fur-a-c-c-auto-anlagen\/\"]}]},{\"@type\":\"BreadcrumbList\",\"@id\":\"https:\/\/dev.refrigerantboys.com\/de\/kaufen\/kaeltemittelgase\/r134a\/zylinder-mit-900-gramm-gas-r134a-mit-manometer-und-schlauch-mit-schnellanschluss-fur-a-c-c-auto-anlagen\/#breadcrumb\",\"itemListElement\":[{\"@type\":\"ListItem\",\"position\":1,\"name\":\"Home\",\"item\":\"https:\/\/dev.refrigerantboys.com\/de\/\"},{\"@type\":\"ListItem\",\"position\":2,\"name\":\"Gesch\u00e4ft\",\"item\":\"https:\/\/dev.refrigerantboys.com\/de\/geschaeft\/\"},{\"@type\":\"ListItem\",\"position\":3,\"name\":\"900-Gramm-Flasche mit R134a-Gas, Manometer und Schlauch mit Schnellkupplung f\u00fcr Autoklimaanlagen\"}]},{\"@type\":\"WebSite\",\"@id\":\"https:\/\/dev.refrigerantboys.com\/de\/#website\",\"url\":\"https:\/\/dev.refrigerantboys.com\/de\/\",\"name\":\"Refrigerant Boys\",\"description\":\"Vendita gas refrigeranti\",\"potentialAction\":[{\"@type\":\"SearchAction\",\"target\":{\"@type\":\"EntryPoint\",\"urlTemplate\":\"https:\/\/dev.refrigerantboys.com\/de\/?s={search_term_string}\"},\"query-input\":\"required name=search_term_string\"}],\"inLanguage\":\"de\"}]}<\/script>\n<!-- \/ Yoast SEO plugin. -->","yoast_head_json":{"title":"900-Gramm-Flasche mit R134a-Gas, Manometer und Schlauch mit Schnellkupplung f\u00fcr Autoklimaanlagen | Refrigerant Boys","description":"K\u00e4ltemittelgas R134a in 900-Gramm-Flasche mit 1\/2\"-ACME-Ventil f\u00fcr die Diagnose und das Nachf\u00fcllen von Auto-Klimaanlagen. T-PED \/ EN 13322-1 konforme Flasche, ausgestattet mit einem Manometer mit Schlauch und Schnellkupplung, die ein Nachf\u00fcllen ohne weitere Hilfsmittel erm\u00f6glicht. UN 3159  GWP","robots":{"index":"index","follow":"follow","max-snippet":"max-snippet:-1","max-image-preview":"max-image-preview:large","max-video-preview":"max-video-preview:-1"},"canonical":"https:\/\/dev.refrigerantboys.com\/de\/kaufen\/kaeltemittelgase\/r134a\/zylinder-mit-900-gramm-gas-r134a-mit-manometer-und-schlauch-mit-schnellanschluss-fur-a-c-c-auto-anlagen\/","og_locale":"de_DE","og_type":"article","og_title":"900-Gramm-Flasche mit R134a-Gas, Manometer und Schlauch mit Schnellkupplung f\u00fcr Autoklimaanlagen | Refrigerant Boys","og_description":"K\u00e4ltemittelgas R134a in 900-Gramm-Flasche mit 1\/2\"-ACME-Ventil f\u00fcr die Diagnose und das Nachf\u00fcllen von Auto-Klimaanlagen. T-PED \/ EN 13322-1 konforme Flasche, ausgestattet mit einem Manometer mit Schlauch und Schnellkupplung, die ein Nachf\u00fcllen ohne weitere Hilfsmittel erm\u00f6glicht. UN 3159  GWP","og_url":"https:\/\/dev.refrigerantboys.com\/de\/kaufen\/kaeltemittelgase\/r134a\/zylinder-mit-900-gramm-gas-r134a-mit-manometer-und-schlauch-mit-schnellanschluss-fur-a-c-c-auto-anlagen\/","og_site_name":"Refrigerant Boys","article_modified_time":"2024-01-20T15:18:43+00:00","og_image":[{"width":286,"height":800,"url":"https:\/\/dev.refrigerantboys.com\/wp-content\/uploads\/2017\/10\/r134K09CMP-1-286x800.png","type":"image\/png"}],"twitter_card":"summary_large_image","twitter_misc":{"Gesch\u00e4tzte Lesezeit":"1\u00a0Minute"},"schema":{"@context":"https:\/\/schema.org","@graph":[{"@type":"WebPage","@id":"https:\/\/dev.refrigerantboys.com\/de\/kaufen\/kaeltemittelgase\/r134a\/zylinder-mit-900-gramm-gas-r134a-mit-manometer-und-schlauch-mit-schnellanschluss-fur-a-c-c-auto-anlagen\/","url":"https:\/\/dev.refrigerantboys.com\/de\/kaufen\/kaeltemittelgase\/r134a\/zylinder-mit-900-gramm-gas-r134a-mit-manometer-und-schlauch-mit-schnellanschluss-fur-a-c-c-auto-anlagen\/","name":"900-Gramm-Flasche mit R134a-Gas, Manometer und Schlauch mit Schnellkupplung f\u00fcr Autoklimaanlagen | Refrigerant Boys","isPartOf":{"@id":"https:\/\/dev.refrigerantboys.com\/de\/#website"},"datePublished":"2017-10-28T22:44:05+00:00","dateModified":"2024-01-20T15:18:43+00:00","description":"K\u00e4ltemittelgas R134a in 900-Gramm-Flasche mit 1\/2\"-ACME-Ventil f\u00fcr die Diagnose und das Nachf\u00fcllen von Auto-Klimaanlagen. T-PED \/ EN 13322-1 konforme Flasche, ausgestattet mit einem Manometer mit Schlauch und Schnellkupplung, die ein Nachf\u00fcllen ohne weitere Hilfsmittel erm\u00f6glicht. UN 3159 GWP","breadcrumb":{"@id":"https:\/\/dev.refrigerantboys.com\/de\/kaufen\/kaeltemittelgase\/r134a\/zylinder-mit-900-gramm-gas-r134a-mit-manometer-und-schlauch-mit-schnellanschluss-fur-a-c-c-auto-anlagen\/#breadcrumb"},"inLanguage":"de","potentialAction":[{"@type":"ReadAction","target":["https:\/\/dev.refrigerantboys.com\/de\/kaufen\/kaeltemittelgase\/r134a\/zylinder-mit-900-gramm-gas-r134a-mit-manometer-und-schlauch-mit-schnellanschluss-fur-a-c-c-auto-anlagen\/"]}]},{"@type":"BreadcrumbList","@id":"https:\/\/dev.refrigerantboys.com\/de\/kaufen\/kaeltemittelgase\/r134a\/zylinder-mit-900-gramm-gas-r134a-mit-manometer-und-schlauch-mit-schnellanschluss-fur-a-c-c-auto-anlagen\/#breadcrumb","itemListElement":[{"@type":"ListItem","position":1,"name":"Home","item":"https:\/\/dev.refrigerantboys.com\/de\/"},{"@type":"ListItem","position":2,"name":"Gesch\u00e4ft","item":"https:\/\/dev.refrigerantboys.com\/de\/geschaeft\/"},{"@type":"ListItem","position":3,"name":"900-Gramm-Flasche mit R134a-Gas, Manometer und Schlauch mit Schnellkupplung f\u00fcr Autoklimaanlagen"}]},{"@type":"WebSite","@id":"https:\/\/dev.refrigerantboys.com\/de\/#website","url":"https:\/\/dev.refrigerantboys.com\/de\/","name":"Refrigerant Boys","description":"Vendita gas refrigeranti","potentialAction":[{"@type":"SearchAction","target":{"@type":"EntryPoint","urlTemplate":"https:\/\/dev.refrigerantboys.com\/de\/?s={search_term_string}"},"query-input":"required name=search_term_string"}],"inLanguage":"de"}]}},"_links":{"self":[{"href":"https:\/\/dev.refrigerantboys.com\/de\/wp-json\/wp\/v2\/product\/4764"}],"collection":[{"href":"https:\/\/dev.refrigerantboys.com\/de\/wp-json\/wp\/v2\/product"}],"about":[{"href":"https:\/\/dev.refrigerantboys.com\/de\/wp-json\/wp\/v2\/types\/product"}],"wp:featuredmedia":[{"embeddable":true,"href":"https:\/\/dev.refrigerantboys.com\/de\/wp-json\/wp\/v2\/media\/49690"}],"wp:attachment":[{"href":"https:\/\/dev.refrigerantboys.com\/de\/wp-json\/wp\/v2\/media?parent=4764"}],"wp:term":[{"taxonomy":"product_cat","embeddable":true,"href":"https:\/\/dev.refrigerantboys.com\/de\/wp-json\/wp\/v2\/product_cat?post=4764"},{"taxonomy":"product_tag","embeddable":true,"href":"https:\/\/dev.refrigerantboys.com\/de\/wp-json\/wp\/v2\/product_tag?post=4764"}],"curies":[{"name":"wp","href":"https:\/\/api.w.org\/{rel}","templated":true}]}}